{"id":185,"date":"2025-09-17T19:07:59","date_gmt":"2025-09-17T19:07:59","guid":{"rendered":"https:\/\/abiesim.com\/privacy-policy\/"},"modified":"2025-10-09T00:29:44","modified_gmt":"2025-10-09T00:29:44","slug":"privacy-policy","status":"publish","type":"page","link":"https:\/\/abiesim.com\/es\/privacy-policy\/","title":{"rendered":"Pol\u00edtica de Privacidad"},"content":{"rendered":"<div data-elementor-type=\"wp-page\" data-elementor-id=\"185\" class=\"elementor elementor-185\">\n\t\t\t\t<div class=\"elementor-element elementor-element-60600af e-flex e-con-boxed ecomus-responsive-column ecomus-tablet-column--default ecomus-responsive-column ecomus-mobile-column--default ecomus-responsive-column ecomus-motion--var(--position) e-con e-parent\" data-id=\"60600af\" data-element_type=\"container\">\n\t\t\t\t\t<div class=\"e-con-inner\">\n\t\t\t\t<div class=\"elementor-element elementor-element-cf686b8 elementor-widget elementor-widget-heading\" data-id=\"cf686b8\" data-element_type=\"widget\" data-widget_type=\"heading.default\">\n\t\t\t\t\t<h1 class=\"elementor-heading-title elementor-size-default\">Pol\u00edtica de Privacidad\n<\/h1>\t\t\t\t<\/div>\n\t\t\t\t<div class=\"elementor-element elementor-element-89d4295 elementor-widget elementor-widget-text-editor\" data-id=\"89d4295\" data-element_type=\"widget\" data-widget_type=\"text-editor.default\">\n\t\t\t\t\t\t\t\t\t<div class=\"flex flex-col gap-2\"><div class=\"\"><div class=\"playgroundMessage text-md-loose text-neutral-60 flex w-full flex-col break-words gap-3\"><p>En Abi eSIM (abiesim.com) valoramos tu privacidad y nos comprometemos a\nproteger la informaci\u00f3n personal que compartes con nosotros.<\/p><p>Esta Pol\u00edtica de Privacidad explica c\u00f3mo recopilamos, utilizamos y protegemos tus\ndatos al usar nuestros servicios digitales.<\/p><p><strong>Datos recopilados:<\/strong><br \/>Nombre, correo electr\u00f3nico, n\u00famero de IMEI, historial de compras, pa\u00eds de\nconexi\u00f3n, direcci\u00f3n IP y m\u00e9todo de pago (procesado de forma segura por\nStripe.com).<br \/>Tambi\u00e9n utilizamos cookies y herramientas anal\u00edticas (como Google Analytics)\npara mejorar la experiencia de usuario.<\/p><p><strong>Uso de la informaci\u00f3n:<\/strong><br \/>Procesar pedidos, enviar eSIMs, brindar soporte t\u00e9cnico, verificar compatibilidad\nde dispositivos, cumplir obligaciones legales y optimizar la experiencia del\nusuario.<\/p><p>No compartimos, vendemos ni alquilamos datos personales a terceros, salvo a\nservicios esenciales como Stripe o nuestros proveedores de conectividad.<\/p><p><strong>Protecci\u00f3n de datos:<\/strong><br \/>Los pagos se procesan exclusivamente mediante Stripe.com, que cumple con los\nest\u00e1ndares internacionales de seguridad PCI DSS.<br \/>Aplicamos cifrado SSL en todas las transacciones y el acceso a la informaci\u00f3n personal est\u00e1 restringido a personal autorizado<\/p><p><strong>Derechos del usuario:<\/strong><br \/>Puedes solicitar acceso, correcci\u00f3n o eliminaci\u00f3n de tus datos escribiendo a <a href=\"mailto:support@abiesim.com\" target=\"_blank\" rel=\"noreferrer noopener nofollow\">support@abiesim.com<\/a>.<br \/>Todas las solicitudes ser\u00e1n respondidas dentro de los 10 d\u00edas h\u00e1biles posteriores\na su recepci\u00f3n.<\/p><p><strong>Actualizaciones:<\/strong><br \/>Esta pol\u00edtica puede modificarse para reflejar cambios legales o mejoras en nuestros servicios.<br \/>Las actualizaciones se publicar\u00e1n en esta misma p\u00e1gina con su nueva fecha de vigencia.<\/p><\/div><\/div><\/div>\t\t\t\t\t\t\t\t<\/div>\n\t\t\t\t\t<\/div>\n\t\t\t\t<\/div>\n\t\t\t\t<\/div>","protected":false},"excerpt":{"rendered":"<p>Privacy Policy At Abi eSIM (abiesim.com) we value your privacy and are committed to protecting the personal information you share with us. This Privacy Policy explains how we collect, use, and protect your data when you use our digital services. Collected data:Name, email address, IMEI number, purchase history, country of connection, IP address, and payment [&hellip;]<\/p>","protected":false},"author":1,"featured_media":0,"parent":0,"menu_order":0,"comment_status":"closed","ping_status":"closed","template":"","meta":{"footnotes":""},"class_list":["post-185","page","type-page","status-publish","hentry"],"yoast_head":"<!-- This site is optimized with the Yoast SEO Premium plugin v26.1 (Yoast SEO v26.2) - https:\/\/yoast.com\/wordpress\/plugins\/seo\/ -->\n<title>Privacy Policy - Abi eSIM<\/title>\n<meta name=\"robots\" content=\"index, follow, max-snippet:-1, max-image-preview:large, max-video-preview:-1\" \/>\n<link rel=\"canonical\" href=\"https:\/\/abiesim.com\/es\/privacy-policy\/\" \/>\n<meta property=\"og:locale\" content=\"es_ES\" \/>\n<meta property=\"og:type\" content=\"article\" \/>\n<meta property=\"og:title\" content=\"Privacy Policy\" \/>\n<meta property=\"og:description\" content=\"Privacy Policy At Abi eSIM (abiesim.com) we value your privacy and are committed to protecting the personal information you share with us. This Privacy Policy explains how we collect, use, and protect your data when you use our digital services. Collected data:Name, email address, IMEI number, purchase history, country of connection, IP address, and payment [&hellip;]\" \/>\n<meta property=\"og:url\" content=\"https:\/\/abiesim.com\/es\/privacy-policy\/\" \/>\n<meta property=\"og:site_name\" content=\"Abi eSIM\" \/>\n<meta property=\"article:modified_time\" content=\"2025-10-09T00:29:44+00:00\" \/>\n<meta name=\"twitter:card\" content=\"summary_large_image\" \/>\n<meta name=\"twitter:label1\" content=\"Tiempo de lectura\" \/>\n\t<meta name=\"twitter:data1\" content=\"1 minuto\" \/>\n<script type=\"application\/ld+json\" class=\"yoast-schema-graph\">{\"@context\":\"https:\/\/schema.org\",\"@graph\":[{\"@type\":\"WebPage\",\"@id\":\"https:\/\/abiesim.com\/privacy-policy\/\",\"url\":\"https:\/\/abiesim.com\/privacy-policy\/\",\"name\":\"Privacy Policy - Abi eSIM\",\"isPartOf\":{\"@id\":\"https:\/\/abiesim.com\/#website\"},\"datePublished\":\"2025-09-17T19:07:59+00:00\",\"dateModified\":\"2025-10-09T00:29:44+00:00\",\"breadcrumb\":{\"@id\":\"https:\/\/abiesim.com\/privacy-policy\/#breadcrumb\"},\"inLanguage\":\"es\",\"potentialAction\":[{\"@type\":\"ReadAction\",\"target\":[\"https:\/\/abiesim.com\/privacy-policy\/\"]}]},{\"@type\":\"BreadcrumbList\",\"@id\":\"https:\/\/abiesim.com\/privacy-policy\/#breadcrumb\",\"itemListElement\":[{\"@type\":\"ListItem\",\"position\":1,\"name\":\"Home\",\"item\":\"https:\/\/abiesim.com\/\"},{\"@type\":\"ListItem\",\"position\":2,\"name\":\"Privacy Policy\"}]},{\"@type\":\"WebSite\",\"@id\":\"https:\/\/abiesim.com\/#website\",\"url\":\"https:\/\/abiesim.com\/\",\"name\":\"Abi eSIM\",\"description\":\"\",\"potentialAction\":[{\"@type\":\"SearchAction\",\"target\":{\"@type\":\"EntryPoint\",\"urlTemplate\":\"https:\/\/abiesim.com\/?s={search_term_string}\"},\"query-input\":{\"@type\":\"PropertyValueSpecification\",\"valueRequired\":true,\"valueName\":\"search_term_string\"}}],\"inLanguage\":\"es\"}]}<\/script>\n<!-- \/ Yoast SEO Premium plugin. -->","yoast_head_json":{"title":"Privacy Policy - Abi eSIM","robots":{"index":"index","follow":"follow","max-snippet":"max-snippet:-1","max-image-preview":"max-image-preview:large","max-video-preview":"max-video-preview:-1"},"canonical":"https:\/\/abiesim.com\/es\/privacy-policy\/","og_locale":"es_ES","og_type":"article","og_title":"Privacy Policy","og_description":"Privacy Policy At Abi eSIM (abiesim.com) we value your privacy and are committed to protecting the personal information you share with us. This Privacy Policy explains how we collect, use, and protect your data when you use our digital services. Collected data:Name, email address, IMEI number, purchase history, country of connection, IP address, and payment [&hellip;]","og_url":"https:\/\/abiesim.com\/es\/privacy-policy\/","og_site_name":"Abi eSIM","article_modified_time":"2025-10-09T00:29:44+00:00","twitter_card":"summary_large_image","twitter_misc":{"Tiempo de lectura":"1 minuto"},"schema":{"@context":"https:\/\/schema.org","@graph":[{"@type":"WebPage","@id":"https:\/\/abiesim.com\/privacy-policy\/","url":"https:\/\/abiesim.com\/privacy-policy\/","name":"Privacy Policy - Abi eSIM","isPartOf":{"@id":"https:\/\/abiesim.com\/#website"},"datePublished":"2025-09-17T19:07:59+00:00","dateModified":"2025-10-09T00:29:44+00:00","breadcrumb":{"@id":"https:\/\/abiesim.com\/privacy-policy\/#breadcrumb"},"inLanguage":"es","potentialAction":[{"@type":"ReadAction","target":["https:\/\/abiesim.com\/privacy-policy\/"]}]},{"@type":"BreadcrumbList","@id":"https:\/\/abiesim.com\/privacy-policy\/#breadcrumb","itemListElement":[{"@type":"ListItem","position":1,"name":"Home","item":"https:\/\/abiesim.com\/"},{"@type":"ListItem","position":2,"name":"Privacy Policy"}]},{"@type":"WebSite","@id":"https:\/\/abiesim.com\/#website","url":"https:\/\/abiesim.com\/","name":"Abi eSIM","description":"","potentialAction":[{"@type":"SearchAction","target":{"@type":"EntryPoint","urlTemplate":"https:\/\/abiesim.com\/?s={search_term_string}"},"query-input":{"@type":"PropertyValueSpecification","valueRequired":true,"valueName":"search_term_string"}}],"inLanguage":"es"}]}},"_links":{"self":[{"href":"https:\/\/abiesim.com\/es\/wp-json\/wp\/v2\/pages\/185","targetHints":{"allow":["GET"]}}],"collection":[{"href":"https:\/\/abiesim.com\/es\/wp-json\/wp\/v2\/pages"}],"about":[{"href":"https:\/\/abiesim.com\/es\/wp-json\/wp\/v2\/types\/page"}],"author":[{"embeddable":true,"href":"https:\/\/abiesim.com\/es\/wp-json\/wp\/v2\/users\/1"}],"replies":[{"embeddable":true,"href":"https:\/\/abiesim.com\/es\/wp-json\/wp\/v2\/comments?post=185"}],"version-history":[{"count":34,"href":"https:\/\/abiesim.com\/es\/wp-json\/wp\/v2\/pages\/185\/revisions"}],"predecessor-version":[{"id":8517,"href":"https:\/\/abiesim.com\/es\/wp-json\/wp\/v2\/pages\/185\/revisions\/8517"}],"wp:attachment":[{"href":"https:\/\/abiesim.com\/es\/wp-json\/wp\/v2\/media?parent=185"}],"curies":[{"name":"wp","href":"https:\/\/api.w.org\/{rel}","templated":true}]}}